{"id":32,"date":"2022-02-03T00:15:00","date_gmt":"2022-02-03T00:15:00","guid":{"rendered":"https:\/\/laligaupdate.com\/vn\/?page_id=32"},"modified":"2023-09-05T14:50:23","modified_gmt":"2023-09-05T07:50:23","slug":"partnership","status":"publish","type":"page","link":"https:\/\/laligaupdate.com\/vn\/partnership\/","title":{"rendered":"\u0110\u1ed1i T\u00e1c"},"content":{"rendered":"\n<div><a href=\"https:\/\/laligaupdate.com\/vn\/wp-content\/uploads\/sites\/5\/2023\/02\/Untitled-design-1200x675-1-1024x576.png\" class=\"td-modal-image\"><figure class=\"wp-block-image size-large\"><img loading=\"lazy\" decoding=\"async\" width=\"1024\" height=\"576\" src=\"https:\/\/laligaupdate.com\/vn\/wp-content\/uploads\/sites\/5\/2023\/02\/Untitled-design-1200x675-1-1024x576.png\" alt=\"\" class=\"wp-image-1398\" srcset=\"https:\/\/laligaupdate.com\/vn\/wp-content\/uploads\/sites\/5\/2023\/02\/Untitled-design-1200x675-1-1024x576.png 1024w, https:\/\/laligaupdate.com\/vn\/wp-content\/uploads\/sites\/5\/2023\/02\/Untitled-design-1200x675-1-300x169.png 300w, https:\/\/laligaupdate.com\/vn\/wp-content\/uploads\/sites\/5\/2023\/02\/Untitled-design-1200x675-1-768x432.png 768w, https:\/\/laligaupdate.com\/vn\/wp-content\/uploads\/sites\/5\/2023\/02\/Untitled-design-1200x675-1-590x332.png 590w, https:\/\/laligaupdate.com\/vn\/wp-content\/uploads\/sites\/5\/2023\/02\/Untitled-design-1200x675-1.png 1200w\" sizes=\"auto, (max-width: 1024px) 100vw, 1024px\" \/><\/figure><\/a><\/div>\n\n\n\n<p class=\"has-text-align-left\"><em>C\u00e1c tr\u00f2 ch\u01a1i ph\u1ed5 bi\u1ebfn nh\u01b0 Baccarat, Sic bo, Blackjack v\u00e0 Roulette \u0111\u01b0\u1ee3c thi\u1ebft l\u1eadp theo ch\u1ee7 \u0111\u1ec1 <a href=\"http:\/\/laligaupdate.com\">LaLi<\/a><a href=\"http:\/\/www.laligaupdate.com\">g<\/a><a href=\"http:\/\/laligaupdate.com\">a<\/a> v\u1edbi c\u00e1c bi\u1ec3u t\u01b0\u1ee3ng nh\u01b0 s\u00e2n v\u1eadn \u0111\u1ed9ng, huy ch\u01b0\u01a1ng v\u00e0 c\u00e1c bi\u1ec3u t\u01b0\u1ee3ng kh\u00e1c.<\/em>&nbsp;<\/p>\n\n\n\n<p class=\"has-text-align-left\"><a href=\"http:\/\/www.m88.com\">M88<\/a>, \u0111\u1ed1i t\u00e1c khu v\u1ef1c ch\u00ednh th\u1ee9c c\u1ee7a LaLiga t\u1ea1i Ch\u00e2u \u00c1, \u0111\u00e3 c\u00f3 th\u00eam m\u1ed9t s\u1ef1 thay \u0111\u1ed5i th\u00fa v\u1ecb cho c\u00e1c tr\u00f2 ch\u01a1i s\u00f2ng b\u1ea1c c\u1ed5 \u0111i\u1ec3n th\u00f4ng qua \u2018LaLiga Room\u2019 m\u1edbi, c\u00f3 th\u1ec3 truy c\u1eadp t\u1eeb h\u00f4m nay.&nbsp;<\/p>\n\n\n\n<p class=\"has-text-align-left\">Vi\u1ec7c tham gia tr\u00f2 ch\u01a1i casino tr\u1ef1c tuy\u1ebfn ng\u00e0y c\u00e0ng tr\u1edf n\u00ean ph\u1ed5 bi\u1ebfn h\u01a1n v\u00e0 M88 l\u00e0 nh\u00e0 c\u00e1i cung c\u1ea5p nhi\u1ec1u tr\u00f2 ch\u01a1i casino nh\u1ea5t t\u1ea1i Ch\u00e2u \u00c1. C\u00e1c tr\u00f2 ch\u01a1i \u0111\u01b0\u1ee3c \u0111a s\u1ed1 th\u00e0nh vi\u00ean y\u00eau th\u00edch \u0111\u00e3 \u0111\u01b0\u1ee3c bi\u1ebfn t\u1ea5u theo ch\u1ee7 \u0111\u1ec1 LaLiga, mang m\u00e0u s\u1eafc c\u1ee7a b\u00f3ng \u0111\u00e1 T\u00e2y Ban Nha v\u00e0o kh\u00f4ng gian s\u00f2ng b\u1ea1c tr\u1ef1c tuy\u1ebfn.&nbsp;<\/p>\n\n\n\n<p class=\"has-text-align-left\">T\u1eeb h\u00f4m nay, th\u00e0nh vi\u00ean c\u00f3 th\u1ec3 d\u1ec5 d\u00e0ng tham gia gi\u1ea3i tr\u00ed v\u1edbi \u0111a d\u1ea1ng b\u00e0n ch\u01a1i bao g\u1ed3m b\u00e0n b\u00e0i v\u00e0 c\u00e1c tr\u00f2 slots, \u0111\u01b0\u1ee3c cung c\u1ea5p b\u1edfi 2 nh\u00e0 cung c\u1ea5p h\u00e0ng \u0111\u1ea7u trong ng\u00e0nh l\u00e0 <a href=\"https:\/\/laligaupdate.com\/vn\/2022\/04\/08\/laliga-blackjack-pragmatic-play\/\" data-type=\"post\" data-id=\"228\">Pragmatic Play<\/a> v\u00e0 MGS.&nbsp;<\/p>\n\n\n\n<p class=\"has-text-align-left\">T\u1ea1i b\u00e0n ch\u01a1i LaLiga Derbi Baccarat, th\u00e0nh vi\u00ean c\u00f3 th\u1ec3 \u0111\u1eb7t v\u00e0o \u0111\u1ed9i LaLiga y\u00eau th\u00edch c\u1ee7a m\u00ecnh thay cho l\u1ef1a ch\u1ecdn truy\u1ec1n th\u1ed1ng l\u00e0 Banker vs Player, v\u1edbi t\u00e1m b\u1ea3ng kh\u00e1c nhau theo ch\u1ee7 \u0111\u1ec1 ri\u00eang v\u1ec1 c\u00e1c tr\u1eadn derby \u0111\u1eb7c tr\u01b0ng c\u1ee7a gi\u1ea3i LaLiga nh\u01b0 ElCl\u00e1sico, derby Madrid, Seville\u2019s El Gran Derbi v\u00e0 derby x\u1ee9 Basque.&nbsp;<\/p>\n\n\n\n<p class=\"has-text-align-left\">Tr\u00f2 ch\u01a1i x\u00fac x\u1eafc ph\u1ed5 bi\u1ebfn sic bo c\u0169ng c\u00f3 s\u1ef1 \u0111\u1ed5i m\u1edbi (LaLiga Sic Bo), th\u00e0nh vi\u00ean \u0111\u1eb7t c\u01b0\u1ee3c v\u00e0o k\u1ebft qu\u1ea3 c\u1ee7a ba vi\u00ean x\u00fac x\u1eafc ri\u00eang l\u1ebb. C\u00e1c tr\u00f2 ch\u01a1i kh\u00e1c bao g\u1ed3m LaLiga Roulette v\u00e0 LaLiga Blackjack, c\u00f3 c\u00e1c chip v\u00e0 thi\u1ebft k\u1ebf theo ch\u1ee7 \u0111\u1ec1 LaLiga.&nbsp;<\/p>\n\n\n\n<p class=\"has-text-align-left\">Hai tr\u00f2 ch\u01a1i slots c\u0169ng s\u1eb5n s\u00e0ng v\u1edbi di\u1ec7n m\u1ea1o LaLiga m\u1edbi. LaLiga Fortune l\u00e0 m\u1ed9t tr\u00f2 ch\u01a1i slots 9 \u0111\u01b0\u1eddng \u0111\u01b0\u1ee3c \u0111\u1eb7t b\u00ean trong m\u1ed9t s\u00e2n v\u1eadn \u0111\u1ed9ng v\u00e0 c\u00f3 c\u00fap LaLiga, gi\u00e0y b\u00f3ng \u0111\u00e1 v\u00e0 ng\u01b0\u1eddi h\u00e2m m\u1ed9 l\u00e0m bi\u1ec3u t\u01b0\u1ee3ng. Trong khi \u0111\u00f3, LaLiga Champions cho ph\u00e9p ng\u01b0\u1eddi ch\u01a1i ch\u1ecdn \u0111\u1ed9i LaLiga y\u00eau th\u00edch c\u1ee7a h\u1ecd v\u00e0 cung c\u1ea5p m\u1ed9t tr\u00f2 ch\u01a1i ti\u1ec1n th\u01b0\u1edfng h\u1ea5p d\u1eabn v\u1edbi lo\u1ea1t s\u00fat lu\u00e2n l\u01b0u.&nbsp;<\/p>\n\n\n\n<p class=\"has-text-align-left\">C\u00e1c tr\u00f2 ch\u01a1i kh\u00e1c nh\u01b0 LaLiga Roulette, LaLiga X\u1ed5 S\u1ed1 hay LaLiga Wheel c\u0169ng s\u1ebd ra m\u1eaft trong th\u1eddi gian t\u1edbi.&nbsp;<\/p>\n\n\n\n<p class=\"has-text-align-left\">M88 v\u00e0 LaLiga \u0111\u1ec1u cam k\u1ebft n\u00e2ng cao tr\u1ea3i nghi\u1ec7m tr\u00f2 ch\u01a1i tr\u1ef1c tuy\u1ebfn cho th\u00e0nh vi\u00ean v\u00e0 \u0111\u00e3 c\u1ea3i ti\u1ebfn m\u1ed9t studio chuy\u00ean nghi\u1ec7p \u0111\u1ec3 ghi h\u00ecnh c\u00e1c tr\u00f2 ch\u01a1i m\u1edbi n\u00e0y. C\u00e1c b\u00e0n ch\u01a1i s\u1eafp ra m\u1eaft c\u0169ng s\u1ebd \u0111\u01b0\u1ee3c ghi h\u00ecnh t\u1eeb m\u1ed9t studio m\u1edbi \u0111ang trong giai \u0111o\u1ea1n ti\u1ebfn h\u00e0nh. K\u1ebft qu\u1ea3 l\u00e0 th\u00e0nh vi\u00ean \u1edf Ch\u00e2u \u00c1 s\u1ebd \u0111\u01b0\u1ee3c t\u1eadn h\u01b0\u1edfng tr\u1ea3i nghi\u1ec7m m\u1edbi v\u1edbi l\u00e0n gi\u00f3 m\u1edbi m\u1ed7i khi v\u00e0o LaLiga Room.&nbsp;<\/p>\n","protected":false},"excerpt":{"rendered":"<p>C\u00e1c tr\u00f2 ch\u01a1i ph\u1ed5 bi\u1ebfn nh\u01b0 Baccarat, Sic bo, Blackjack v\u00e0 Roulette \u0111\u01b0\u1ee3c thi\u1ebft l\u1eadp theo ch\u1ee7 \u0111\u1ec1 LaLiga v\u1edbi c\u00e1c bi\u1ec3u t\u01b0\u1ee3ng nh\u01b0 s\u00e2n v\u1eadn \u0111\u1ed9ng, huy ch\u01b0\u01a1ng v\u00e0 c\u00e1c bi\u1ec3u t\u01b0\u1ee3ng kh\u00e1c.&nbsp; M88, \u0111\u1ed1i t\u00e1c khu v\u1ef1c ch\u00ednh th\u1ee9c c\u1ee7a LaLiga t\u1ea1i Ch\u00e2u \u00c1, \u0111\u00e3 c\u00f3 th\u00eam m\u1ed9t s\u1ef1 thay \u0111\u1ed5i th\u00fa v\u1ecb [&hellip;]<\/p>\n","protected":false},"author":1,"featured_media":1398,"parent":0,"menu_order":0,"comment_status":"closed","ping_status":"closed","template":"","meta":{"footnotes":""},"class_list":["post-32","page","type-page","status-publish","has-post-thumbnail","hentry"],"yoast_head":"<!-- This site is optimized with the Yoast SEO plugin v21.3 - https:\/\/yoast.com\/wordpress\/plugins\/seo\/ -->\n<title>\u0110\u1ed1i T\u00e1c - C\u1eadp nh\u1eadt La Liga<\/title>\n<meta name=\"description\" content=\"Nh\u1ea5p v\u00e0o \u0111\u00e2y \u0111\u1ec3 xem m\u00f4 t\u1ea3 chi ti\u1ebft v\u1ec1 m\u1ed1i quan h\u1ec7 h\u1ee3p t\u00e1c gi\u1eefa La Liga v\u00e0 M88 Mansion \u1edf Ch\u00e2u \u00c1 v\u1edbi c\u00e1c tr\u00f2 ch\u01a1i theo ch\u1ee7 \u0111\u1ec1 v\u00e0 h\u01a1n th\u1ebf n\u1eefa.\" \/>\n<meta name=\"robots\" content=\"index, follow, max-snippet:-1, max-image-preview:large, max-video-preview:-1\" \/>\n<link rel=\"canonical\" href=\"https:\/\/laligaupdate.com\/vn\/partnership\/\" \/>\n<meta property=\"og:locale\" content=\"vi_VN\" \/>\n<meta property=\"og:type\" content=\"article\" \/>\n<meta property=\"og:title\" content=\"\u0110\u1ed1i T\u00e1c - C\u1eadp nh\u1eadt La Liga\" \/>\n<meta property=\"og:description\" content=\"Nh\u1ea5p v\u00e0o \u0111\u00e2y \u0111\u1ec3 xem m\u00f4 t\u1ea3 chi ti\u1ebft v\u1ec1 m\u1ed1i quan h\u1ec7 h\u1ee3p t\u00e1c gi\u1eefa La Liga v\u00e0 M88 Mansion \u1edf Ch\u00e2u \u00c1 v\u1edbi c\u00e1c tr\u00f2 ch\u01a1i theo ch\u1ee7 \u0111\u1ec1 v\u00e0 h\u01a1n th\u1ebf n\u1eefa.\" \/>\n<meta property=\"og:url\" content=\"https:\/\/laligaupdate.com\/vn\/partnership\/\" \/>\n<meta property=\"og:site_name\" content=\"C\u1eadp nh\u1eadt La Liga\" \/>\n<meta property=\"article:modified_time\" content=\"2023-09-05T07:50:23+00:00\" \/>\n<meta property=\"og:image\" content=\"https:\/\/laligaupdate.com\/vn\/wp-content\/uploads\/sites\/5\/2023\/02\/Untitled-design-1200x675-1.png\" \/>\n\t<meta property=\"og:image:width\" content=\"1200\" \/>\n\t<meta property=\"og:image:height\" content=\"675\" \/>\n\t<meta property=\"og:image:type\" content=\"image\/png\" \/>\n<meta name=\"twitter:card\" content=\"summary_large_image\" \/>\n<meta name=\"twitter:label1\" content=\"\u01af\u1edbc t\u00ednh th\u1eddi gian \u0111\u1ecdc\" \/>\n\t<meta name=\"twitter:data1\" content=\"3 ph\u00fat\" \/>\n<script type=\"application\/ld+json\" class=\"yoast-schema-graph\">{\"@context\":\"https:\/\/schema.org\",\"@graph\":[{\"@type\":\"WebPage\",\"@id\":\"https:\/\/laligaupdate.com\/vn\/partnership\/\",\"url\":\"https:\/\/laligaupdate.com\/vn\/partnership\/\",\"name\":\"\u0110\u1ed1i T\u00e1c - C\u1eadp nh\u1eadt La Liga\",\"isPartOf\":{\"@id\":\"https:\/\/laligaupdate.com\/vn\/#website\"},\"datePublished\":\"2022-02-03T00:15:00+00:00\",\"dateModified\":\"2023-09-05T07:50:23+00:00\",\"description\":\"Nh\u1ea5p v\u00e0o \u0111\u00e2y \u0111\u1ec3 xem m\u00f4 t\u1ea3 chi ti\u1ebft v\u1ec1 m\u1ed1i quan h\u1ec7 h\u1ee3p t\u00e1c gi\u1eefa La Liga v\u00e0 M88 Mansion \u1edf Ch\u00e2u \u00c1 v\u1edbi c\u00e1c tr\u00f2 ch\u01a1i theo ch\u1ee7 \u0111\u1ec1 v\u00e0 h\u01a1n th\u1ebf n\u1eefa.\",\"breadcrumb\":{\"@id\":\"https:\/\/laligaupdate.com\/vn\/partnership\/#breadcrumb\"},\"inLanguage\":\"vi\",\"potentialAction\":[{\"@type\":\"ReadAction\",\"target\":[\"https:\/\/laligaupdate.com\/vn\/partnership\/\"]}]},{\"@type\":\"BreadcrumbList\",\"@id\":\"https:\/\/laligaupdate.com\/vn\/partnership\/#breadcrumb\",\"itemListElement\":[{\"@type\":\"ListItem\",\"position\":1,\"name\":\"Trang ch\u1ee7\",\"item\":\"https:\/\/laligaupdate.com\/vn\/\"},{\"@type\":\"ListItem\",\"position\":2,\"name\":\"\u0110\u1ed1i T\u00e1c\"}]},{\"@type\":\"WebSite\",\"@id\":\"https:\/\/laligaupdate.com\/vn\/#website\",\"url\":\"https:\/\/laligaupdate.com\/vn\/\",\"name\":\"C\u1eadp nh\u1eadt La Liga\",\"description\":\"L\u00e0 trung t\u00e2m cung c\u1ea5p m\u1ecdi th\u1ee9 v\u1ec1 b\u00f3ng \u0111\u00e1 T\u00e2y Ban Nha.\",\"publisher\":{\"@id\":\"https:\/\/laligaupdate.com\/vn\/#organization\"},\"potentialAction\":[{\"@type\":\"SearchAction\",\"target\":{\"@type\":\"EntryPoint\",\"urlTemplate\":\"https:\/\/laligaupdate.com\/vn\/?s={search_term_string}\"},\"query-input\":\"required name=search_term_string\"}],\"inLanguage\":\"vi\"},{\"@type\":\"Organization\",\"@id\":\"https:\/\/laligaupdate.com\/vn\/#organization\",\"name\":\"C\u1eadp nh\u1eadt La Liga\",\"url\":\"https:\/\/laligaupdate.com\/vn\/\",\"logo\":{\"@type\":\"ImageObject\",\"inLanguage\":\"vi\",\"@id\":\"https:\/\/laligaupdate.com\/vn\/#\/schema\/logo\/image\/\",\"url\":\"https:\/\/laligaupdate.com\/vn\/wp-content\/uploads\/sites\/5\/2023\/06\/2288340e-0a23-4257-89c8-ac62c3db799c.png\",\"contentUrl\":\"https:\/\/laligaupdate.com\/vn\/wp-content\/uploads\/sites\/5\/2023\/06\/2288340e-0a23-4257-89c8-ac62c3db799c.png\",\"width\":696,\"height\":331,\"caption\":\"C\u1eadp nh\u1eadt La Liga\"},\"image\":{\"@id\":\"https:\/\/laligaupdate.com\/vn\/#\/schema\/logo\/image\/\"}}]}<\/script>\n<!-- \/ Yoast SEO plugin. -->","yoast_head_json":{"title":"\u0110\u1ed1i T\u00e1c - C\u1eadp nh\u1eadt La Liga","description":"Nh\u1ea5p v\u00e0o \u0111\u00e2y \u0111\u1ec3 xem m\u00f4 t\u1ea3 chi ti\u1ebft v\u1ec1 m\u1ed1i quan h\u1ec7 h\u1ee3p t\u00e1c gi\u1eefa La Liga v\u00e0 M88 Mansion \u1edf Ch\u00e2u \u00c1 v\u1edbi c\u00e1c tr\u00f2 ch\u01a1i theo ch\u1ee7 \u0111\u1ec1 v\u00e0 h\u01a1n th\u1ebf n\u1eefa.","robots":{"index":"index","follow":"follow","max-snippet":"max-snippet:-1","max-image-preview":"max-image-preview:large","max-video-preview":"max-video-preview:-1"},"canonical":"https:\/\/laligaupdate.com\/vn\/partnership\/","og_locale":"vi_VN","og_type":"article","og_title":"\u0110\u1ed1i T\u00e1c - C\u1eadp nh\u1eadt La Liga","og_description":"Nh\u1ea5p v\u00e0o \u0111\u00e2y \u0111\u1ec3 xem m\u00f4 t\u1ea3 chi ti\u1ebft v\u1ec1 m\u1ed1i quan h\u1ec7 h\u1ee3p t\u00e1c gi\u1eefa La Liga v\u00e0 M88 Mansion \u1edf Ch\u00e2u \u00c1 v\u1edbi c\u00e1c tr\u00f2 ch\u01a1i theo ch\u1ee7 \u0111\u1ec1 v\u00e0 h\u01a1n th\u1ebf n\u1eefa.","og_url":"https:\/\/laligaupdate.com\/vn\/partnership\/","og_site_name":"C\u1eadp nh\u1eadt La Liga","article_modified_time":"2023-09-05T07:50:23+00:00","og_image":[{"width":1200,"height":675,"url":"https:\/\/laligaupdate.com\/vn\/wp-content\/uploads\/sites\/5\/2023\/02\/Untitled-design-1200x675-1.png","type":"image\/png"}],"twitter_card":"summary_large_image","twitter_misc":{"\u01af\u1edbc t\u00ednh th\u1eddi gian \u0111\u1ecdc":"3 ph\u00fat"},"schema":{"@context":"https:\/\/schema.org","@graph":[{"@type":"WebPage","@id":"https:\/\/laligaupdate.com\/vn\/partnership\/","url":"https:\/\/laligaupdate.com\/vn\/partnership\/","name":"\u0110\u1ed1i T\u00e1c - C\u1eadp nh\u1eadt La Liga","isPartOf":{"@id":"https:\/\/laligaupdate.com\/vn\/#website"},"datePublished":"2022-02-03T00:15:00+00:00","dateModified":"2023-09-05T07:50:23+00:00","description":"Nh\u1ea5p v\u00e0o \u0111\u00e2y \u0111\u1ec3 xem m\u00f4 t\u1ea3 chi ti\u1ebft v\u1ec1 m\u1ed1i quan h\u1ec7 h\u1ee3p t\u00e1c gi\u1eefa La Liga v\u00e0 M88 Mansion \u1edf Ch\u00e2u \u00c1 v\u1edbi c\u00e1c tr\u00f2 ch\u01a1i theo ch\u1ee7 \u0111\u1ec1 v\u00e0 h\u01a1n th\u1ebf n\u1eefa.","breadcrumb":{"@id":"https:\/\/laligaupdate.com\/vn\/partnership\/#breadcrumb"},"inLanguage":"vi","potentialAction":[{"@type":"ReadAction","target":["https:\/\/laligaupdate.com\/vn\/partnership\/"]}]},{"@type":"BreadcrumbList","@id":"https:\/\/laligaupdate.com\/vn\/partnership\/#breadcrumb","itemListElement":[{"@type":"ListItem","position":1,"name":"Trang ch\u1ee7","item":"https:\/\/laligaupdate.com\/vn\/"},{"@type":"ListItem","position":2,"name":"\u0110\u1ed1i T\u00e1c"}]},{"@type":"WebSite","@id":"https:\/\/laligaupdate.com\/vn\/#website","url":"https:\/\/laligaupdate.com\/vn\/","name":"C\u1eadp nh\u1eadt La Liga","description":"L\u00e0 trung t\u00e2m cung c\u1ea5p m\u1ecdi th\u1ee9 v\u1ec1 b\u00f3ng \u0111\u00e1 T\u00e2y Ban Nha.","publisher":{"@id":"https:\/\/laligaupdate.com\/vn\/#organization"},"potentialAction":[{"@type":"SearchAction","target":{"@type":"EntryPoint","urlTemplate":"https:\/\/laligaupdate.com\/vn\/?s={search_term_string}"},"query-input":"required name=search_term_string"}],"inLanguage":"vi"},{"@type":"Organization","@id":"https:\/\/laligaupdate.com\/vn\/#organization","name":"C\u1eadp nh\u1eadt La Liga","url":"https:\/\/laligaupdate.com\/vn\/","logo":{"@type":"ImageObject","inLanguage":"vi","@id":"https:\/\/laligaupdate.com\/vn\/#\/schema\/logo\/image\/","url":"https:\/\/laligaupdate.com\/vn\/wp-content\/uploads\/sites\/5\/2023\/06\/2288340e-0a23-4257-89c8-ac62c3db799c.png","contentUrl":"https:\/\/laligaupdate.com\/vn\/wp-content\/uploads\/sites\/5\/2023\/06\/2288340e-0a23-4257-89c8-ac62c3db799c.png","width":696,"height":331,"caption":"C\u1eadp nh\u1eadt La Liga"},"image":{"@id":"https:\/\/laligaupdate.com\/vn\/#\/schema\/logo\/image\/"}}]}},"_links":{"self":[{"href":"https:\/\/laligaupdate.com\/vn\/wp-json\/wp\/v2\/pages\/32","targetHints":{"allow":["GET"]}}],"collection":[{"href":"https:\/\/laligaupdate.com\/vn\/wp-json\/wp\/v2\/pages"}],"about":[{"href":"https:\/\/laligaupdate.com\/vn\/wp-json\/wp\/v2\/types\/page"}],"author":[{"embeddable":true,"href":"https:\/\/laligaupdate.com\/vn\/wp-json\/wp\/v2\/users\/1"}],"replies":[{"embeddable":true,"href":"https:\/\/laligaupdate.com\/vn\/wp-json\/wp\/v2\/comments?post=32"}],"version-history":[{"count":4,"href":"https:\/\/laligaupdate.com\/vn\/wp-json\/wp\/v2\/pages\/32\/revisions"}],"predecessor-version":[{"id":2495,"href":"https:\/\/laligaupdate.com\/vn\/wp-json\/wp\/v2\/pages\/32\/revisions\/2495"}],"wp:featuredmedia":[{"embeddable":true,"href":"https:\/\/laligaupdate.com\/vn\/wp-json\/wp\/v2\/media\/1398"}],"wp:attachment":[{"href":"https:\/\/laligaupdate.com\/vn\/wp-json\/wp\/v2\/media?parent=32"}],"curies":[{"name":"wp","href":"https:\/\/api.w.org\/{rel}","templated":true}]}}